{"id":80,"date":"2021-05-25T08:09:57","date_gmt":"2021-05-25T14:09:57","guid":{"rendered":"https:\/\/www.tectuus.mx\/en\/?page_id=80"},"modified":"2021-05-25T08:09:57","modified_gmt":"2021-05-25T14:09:57","slug":"aviso-de-privacidad","status":"publish","type":"page","link":"https:\/\/www.tectuus.mx\/en\/aviso-de-privacidad\/","title":{"rendered":"Aviso de Privacidad"},"content":{"rendered":"<p>TECTUUS TECHNOLOGICAL MOMENTUM, con domicilio en Perif\u00e9rico Paseo de la Rep\u00fablica No. 7915, colonia 14 de Febrero C.P. 58147 Morelia, Michoac\u00e1n, M\u00e9xico; es responsable de recabar sus datos personales, del uso que se le d\u00e9 a<br \/>\nlos mismos y de su protecci\u00f3n. Su informaci\u00f3n personal ser\u00e1 utilizada para proveerle servicios o productos, o bien para identificarlo en cualquier tipo de relaci\u00f3n contractual con nosotros, adem\u00e1s para informarle sobre cambios en los mismos y evaluar la calidad del servicio que le brindamos. <\/p>\n<p>Para las finalidades antes mencionadas, requerimos obtener entre otros, los siguientes datos personales: nombre, direcci\u00f3n, tel\u00e9fono, correo electr\u00f3nico, edad, sexo, lugar y fecha de nacimiento, R.F.C., C.U.R.P., etc. Para ejercitar sus derechos de acceder, rectificar y cancelar sus datos personales, as\u00ed como oponerse al tratamiento de estos o revocar el consentimiento que para tal fin nos haya otorgado, lo podr\u00e1 realizar a trav\u00e9s de los procedimientos implementados. <\/p>\n<p>Para conocer dichos procedimientos, los requisitos y plazos, se puede poner en contacto con nuestro personal a<br \/>\ntrav\u00e9s de la cuenta de correo electr\u00f3nico coor.juridico.admon@gnu.mx. Asimismo, le informamos que sus datos personales pueden ser transferidos y tratados dentro y fuera del pa\u00eds, por personas distintas a esta instituci\u00f3n. <\/p>\n<p>En ese sentido, su informaci\u00f3n puede ser compartida con personas f\u00edsicas o morales, con las cuales tenemos alg\u00fan tipo de relaci\u00f3n jur\u00eddica, a efecto de proveerle adecuadamente los servicios y productos que ha solicitado o bien para entablar cualquier tipo de relaci\u00f3n jur\u00eddica o de negocios. Se entender\u00e1 que ha otorgado su consentimiento si usted no manifiesta su oposici\u00f3n para que sus datos personales sean transferidos al presentarle el presente aviso de privacidad.<\/p>\n<p>24 de mayo del 2021.<\/p>\n","protected":false},"excerpt":{"rendered":"<p>TECTUUS TECHNOLOGICAL MOMENTUM, con domicilio en Perif\u00e9rico Paseo de la Rep\u00fablica No. 7915, colonia 14 de Febrero C.P. 58147 Morelia, [&hellip;]<\/p>\n","protected":false},"author":1,"featured_media":0,"parent":0,"menu_order":0,"comment_status":"closed","ping_status":"closed","template":"","meta":[],"_links":{"self":[{"href":"https:\/\/www.tectuus.mx\/en\/wp-json\/wp\/v2\/pages\/80"}],"collection":[{"href":"https:\/\/www.tectuus.mx\/en\/wp-json\/wp\/v2\/pages"}],"about":[{"href":"https:\/\/www.tectuus.mx\/en\/wp-json\/wp\/v2\/types\/page"}],"author":[{"embeddable":true,"href":"https:\/\/www.tectuus.mx\/en\/wp-json\/wp\/v2\/users\/1"}],"replies":[{"embeddable":true,"href":"https:\/\/www.tectuus.mx\/en\/wp-json\/wp\/v2\/comments?post=80"}],"version-history":[{"count":1,"href":"https:\/\/www.tectuus.mx\/en\/wp-json\/wp\/v2\/pages\/80\/revisions"}],"predecessor-version":[{"id":81,"href":"https:\/\/www.tectuus.mx\/en\/wp-json\/wp\/v2\/pages\/80\/revisions\/81"}],"wp:attachment":[{"href":"https:\/\/www.tectuus.mx\/en\/wp-json\/wp\/v2\/media?parent=80"}],"curies":[{"name":"wp","href":"https:\/\/api.w.org\/{rel}","templated":true}]}}